{"id":1010,"date":"2018-04-15T23:44:36","date_gmt":"2018-04-15T23:44:36","guid":{"rendered":"https:\/\/www.jaysorectificados.com\/web\/esp\/?page_id=1010"},"modified":"2018-04-15T23:44:36","modified_gmt":"2018-04-15T23:44:36","slug":"presupuesto","status":"publish","type":"page","link":"https:\/\/www.jaysorectificados.com\/web\/esp\/presupuesto\/","title":{"rendered":"Presupuesto"},"content":{"rendered":"\n<div class=\"wpcf7 no-js\" id=\"wpcf7-f752-o1\" lang=\"es-ES\" dir=\"ltr\">\n<div class=\"screen-reader-response\"><p role=\"status\" aria-live=\"polite\" aria-atomic=\"true\"><\/p> <ul><\/ul><\/div>\n<form action=\"\/web\/esp\/wp-json\/wp\/v2\/pages\/1010#wpcf7-f752-o1\" method=\"post\" class=\"wpcf7-form init\" aria-label=\"Formulario de contacto\" enctype=\"multipart\/form-data\" novalidate=\"novalidate\" data-status=\"init\">\n<div style=\"display: none;\">\n<input type=\"hidden\" name=\"_wpcf7\" value=\"752\" \/>\n<input type=\"hidden\" name=\"_wpcf7_version\" value=\"5.9.6\" \/>\n<input type=\"hidden\" name=\"_wpcf7_locale\" value=\"es_ES\" \/>\n<input type=\"hidden\" name=\"_wpcf7_unit_tag\" value=\"wpcf7-f752-o1\" \/>\n<input type=\"hidden\" name=\"_wpcf7_container_post\" value=\"0\" \/>\n<input type=\"hidden\" name=\"_wpcf7_posted_data_hash\" value=\"\" \/>\n<\/div>\n<p>FORMULARIO PARA SOLICITUD DE PRESUPUESTO\n<\/p>\n<p><label> Nombre (requerido)<br \/>\n<span class=\"wpcf7-form-control-wrap\" data-name=\"your-name\"><input size=\"40\" maxlength=\"80\" class=\"wpcf7-form-control wpcf7-text wpcf7-validates-as-required\" aria-required=\"true\" aria-invalid=\"false\" value=\"\" type=\"text\" name=\"your-name\" \/><\/span> <\/label>\n<\/p>\n<p><label> Apellidos (requerido)<br \/>\n<span class=\"wpcf7-form-control-wrap\" data-name=\"Apellidos\"><input size=\"40\" maxlength=\"80\" class=\"wpcf7-form-control wpcf7-text wpcf7-validates-as-required\" aria-required=\"true\" aria-invalid=\"false\" value=\"\" type=\"text\" name=\"Apellidos\" \/><\/span> <\/label>\n<\/p>\n<p><label> Correo electr\u00f3nico (requerido)<br \/>\n<span class=\"wpcf7-form-control-wrap\" data-name=\"your-email\"><input size=\"40\" maxlength=\"80\" class=\"wpcf7-form-control wpcf7-email wpcf7-validates-as-required wpcf7-text wpcf7-validates-as-email\" aria-required=\"true\" aria-invalid=\"false\" value=\"\" type=\"email\" name=\"your-email\" \/><\/span> <\/label>\n<\/p>\n<p><label> Empresa (requerido)<br \/>\n<span class=\"wpcf7-form-control-wrap\" data-name=\"Empresa\"><input size=\"40\" maxlength=\"80\" class=\"wpcf7-form-control wpcf7-text wpcf7-validates-as-required\" aria-required=\"true\" aria-invalid=\"false\" value=\"\" type=\"text\" name=\"Empresa\" \/><\/span> <\/label>\n<\/p>\n<p><label> Direcci\u00f3n (requerido)<br \/>\n<span class=\"wpcf7-form-control-wrap\" data-name=\"direccion\"><input size=\"40\" maxlength=\"80\" class=\"wpcf7-form-control wpcf7-text wpcf7-validates-as-required\" aria-required=\"true\" aria-invalid=\"false\" value=\"\" type=\"text\" name=\"direccion\" \/><\/span> <\/label>\n<\/p>\n<p><label> Localidad (requerido)<br \/>\n<span class=\"wpcf7-form-control-wrap\" data-name=\"localidad\"><input size=\"40\" maxlength=\"80\" class=\"wpcf7-form-control wpcf7-text wpcf7-validates-as-required\" aria-required=\"true\" aria-invalid=\"false\" value=\"\" type=\"text\" name=\"localidad\" \/><\/span> <\/label>\n<\/p>\n<p><label> NIF\/CIF (requerido)<br \/>\n<span class=\"wpcf7-form-control-wrap\" data-name=\"cif\"><input size=\"40\" maxlength=\"80\" class=\"wpcf7-form-control wpcf7-text wpcf7-validates-as-required\" aria-required=\"true\" aria-invalid=\"false\" value=\"\" type=\"text\" name=\"cif\" \/><\/span> <\/label>\n<\/p>\n<p><label> Tel\u00e9fono de contacto (requerido)<br \/>\n<span class=\"wpcf7-form-control-wrap\" data-name=\"telefono\"><input size=\"40\" maxlength=\"80\" class=\"wpcf7-form-control wpcf7-tel wpcf7-validates-as-required wpcf7-text wpcf7-validates-as-tel\" aria-required=\"true\" aria-invalid=\"false\" value=\"\" type=\"tel\" name=\"telefono\" \/><\/span> <\/label>\n<\/p>\n<p><label> P\u00e1gina WEB<br \/>\n<span class=\"wpcf7-form-control-wrap\" data-name=\"web\"><input size=\"40\" maxlength=\"80\" class=\"wpcf7-form-control wpcf7-text\" aria-invalid=\"false\" value=\"\" type=\"text\" name=\"web\" \/><\/span> <\/label>\n<\/p>\n<p><label> Mensaje<br \/>\n<span class=\"wpcf7-form-control-wrap\" data-name=\"your-message\"><textarea cols=\"40\" rows=\"10\" maxlength=\"400\" class=\"wpcf7-form-control wpcf7-textarea\" aria-invalid=\"false\" name=\"your-message\"><\/textarea><\/span> <\/label>\n<\/p>\n<p><label> Adjuntar archivo: PDF, JPG, PNG o TIF (max. 10Mb)<br \/>\n<span class=\"wpcf7-form-control-wrap\" data-name=\"file-788\"><input size=\"40\" class=\"wpcf7-form-control wpcf7-file\" accept=\".pdf,.jpg,.png,.tif\" aria-invalid=\"false\" type=\"file\" name=\"file-788\" \/><\/span> <\/label><br \/>\n<label> <span class=\"wpcf7-form-control-wrap\" data-name=\"file-61\"><input size=\"40\" class=\"wpcf7-form-control wpcf7-file\" accept=\".pdf,.jpg,.png,.tif\" aria-invalid=\"false\" type=\"file\" name=\"file-61\" \/><\/span> <\/label><br \/>\n<label> <span class=\"wpcf7-form-control-wrap\" data-name=\"file-62\"><input size=\"40\" class=\"wpcf7-form-control wpcf7-file\" accept=\".pdf,.jpg,.png,.tif\" aria-invalid=\"false\" type=\"file\" name=\"file-62\" \/><\/span> <\/label>\n<\/p>\n<p><span class=\"wpcf7-form-control-wrap\" data-name=\"acceptance-280\"><span class=\"wpcf7-form-control wpcf7-acceptance\"><span class=\"wpcf7-list-item\"><input type=\"checkbox\" name=\"acceptance-280\" value=\"1\" aria-invalid=\"false\" \/><\/span><\/span><\/span> He leido y acepto la <a href=\"https:\/\/www.jaysorectificados.com\/web\/esp\/politica-de-privacidad\/\" target=\"_blank\" rel=\"noopener\">Pol\u00edtica de Privacidad<\/a>\n<\/p>\n<p><input class=\"wpcf7-form-control wpcf7-submit has-spinner\" type=\"submit\" value=\"Enviar\" \/>\n<\/p><div class=\"wpcf7-response-output\" aria-hidden=\"true\"><\/div>\n<\/form>\n<\/div>\n\n","protected":false},"excerpt":{"rendered":"FORMULARIO PARA SOLICITUD DE PRESUPUESTO Nombre (requerido) Apellidos (requerido) Correo electr\u00f3nico (requerido) Empresa (requerido) Direcci\u00f3n (requerido) Localidad (requerido) NIF\/CIF (requerido) Tel\u00e9fono de contacto (requerido) P\u00e1gina WEB Mensaje Adjuntar archivo: PDF, JPG, PNG o TIF (max. 10Mb) He leido y acepto la Pol\u00edtica de Privacidad","protected":false},"author":1,"featured_media":0,"parent":0,"menu_order":0,"comment_status":"closed","ping_status":"closed","template":"","meta":{"footnotes":""},"yoast_head":"<!-- This site is optimized with the Yoast SEO plugin v22.9 - https:\/\/yoast.com\/wordpress\/plugins\/seo\/ -->\r\n<title>Presupuesto - Jayso Solutions - Rectificados para Moldes y Matriz<\/title>\r\n<meta name=\"robots\" content=\"index, follow, max-snippet:-1, max-image-preview:large, max-video-preview:-1\" \/>\r\n<link rel=\"canonical\" href=\"https:\/\/www.jaysorectificados.com\/web\/esp\/presupuesto\/\" \/>\r\n<meta property=\"og:locale\" content=\"es_ES\" \/>\r\n<meta property=\"og:type\" content=\"article\" \/>\r\n<meta property=\"og:title\" content=\"Presupuesto - Jayso Solutions - Rectificados para Moldes y Matriz\" \/>\r\n<meta property=\"og:url\" content=\"https:\/\/www.jaysorectificados.com\/web\/esp\/presupuesto\/\" \/>\r\n<meta property=\"og:site_name\" content=\"Jayso Solutions - Rectificados para Moldes y Matriz\" \/>\r\n<meta property=\"article:publisher\" content=\"https:\/\/www.facebook.com\/pages\/Rectificados-Jayso\/633805146768724\" \/>\r\n<meta name=\"twitter:card\" content=\"summary_large_image\" \/>\r\n<script type=\"application\/ld+json\" class=\"yoast-schema-graph\">{\"@context\":\"https:\/\/schema.org\",\"@graph\":[{\"@type\":\"WebPage\",\"@id\":\"https:\/\/www.jaysorectificados.com\/web\/esp\/presupuesto\/\",\"url\":\"https:\/\/www.jaysorectificados.com\/web\/esp\/presupuesto\/\",\"name\":\"Presupuesto - Jayso Solutions - Rectificados para Moldes y Matriz\",\"isPartOf\":{\"@id\":\"https:\/\/www.jaysorectificados.com\/web\/esp\/#website\"},\"datePublished\":\"2018-04-15T23:44:36+00:00\",\"dateModified\":\"2018-04-15T23:44:36+00:00\",\"breadcrumb\":{\"@id\":\"https:\/\/www.jaysorectificados.com\/web\/esp\/presupuesto\/#breadcrumb\"},\"inLanguage\":\"es\",\"potentialAction\":[{\"@type\":\"ReadAction\",\"target\":[\"https:\/\/www.jaysorectificados.com\/web\/esp\/presupuesto\/\"]}]},{\"@type\":\"BreadcrumbList\",\"@id\":\"https:\/\/www.jaysorectificados.com\/web\/esp\/presupuesto\/#breadcrumb\",\"itemListElement\":[{\"@type\":\"ListItem\",\"position\":1,\"name\":\"Portada\",\"item\":\"https:\/\/www.jaysorectificados.com\/web\/esp\/\"},{\"@type\":\"ListItem\",\"position\":2,\"name\":\"Presupuesto\"}]},{\"@type\":\"WebSite\",\"@id\":\"https:\/\/www.jaysorectificados.com\/web\/esp\/#website\",\"url\":\"https:\/\/www.jaysorectificados.com\/web\/esp\/\",\"name\":\"Jayso Solutions - Rectificados para Moldes y Matriz\",\"description\":\"Jayso Solutions elementos normalizados para la industria del molde y la matriz\",\"publisher\":{\"@id\":\"https:\/\/www.jaysorectificados.com\/web\/esp\/#organization\"},\"potentialAction\":[{\"@type\":\"SearchAction\",\"target\":{\"@type\":\"EntryPoint\",\"urlTemplate\":\"https:\/\/www.jaysorectificados.com\/web\/esp\/?s={search_term_string}\"},\"query-input\":\"required name=search_term_string\"}],\"inLanguage\":\"es\"},{\"@type\":\"Organization\",\"@id\":\"https:\/\/www.jaysorectificados.com\/web\/esp\/#organization\",\"name\":\"JAYSO SOLUTIONS\",\"url\":\"https:\/\/www.jaysorectificados.com\/web\/esp\/\",\"logo\":{\"@type\":\"ImageObject\",\"inLanguage\":\"es\",\"@id\":\"https:\/\/www.jaysorectificados.com\/web\/esp\/#\/schema\/logo\/image\/\",\"url\":\"https:\/\/www.jaysorectificados.com\/web\/esp\/wp-content\/uploads\/2019\/09\/buscamo_comercial-e1569838948419.jpg\",\"contentUrl\":\"https:\/\/www.jaysorectificados.com\/web\/esp\/wp-content\/uploads\/2019\/09\/buscamo_comercial-e1569838948419.jpg\",\"width\":640,\"height\":279,\"caption\":\"JAYSO SOLUTIONS\"},\"image\":{\"@id\":\"https:\/\/www.jaysorectificados.com\/web\/esp\/#\/schema\/logo\/image\/\"},\"sameAs\":[\"https:\/\/www.facebook.com\/pages\/Rectificados-Jayso\/633805146768724\",\"https:\/\/www.linkedin.com\/in\/jayso-solutions-specials-parts-and-pieces-for-moulds-and-dies-90491b153\/\"]}]}<\/script>\r\n<!-- \/ Yoast SEO plugin. -->","yoast_head_json":{"title":"Presupuesto - Jayso Solutions - Rectificados para Moldes y Matriz","robots":{"index":"index","follow":"follow","max-snippet":"max-snippet:-1","max-image-preview":"max-image-preview:large","max-video-preview":"max-video-preview:-1"},"canonical":"https:\/\/www.jaysorectificados.com\/web\/esp\/presupuesto\/","og_locale":"es_ES","og_type":"article","og_title":"Presupuesto - Jayso Solutions - Rectificados para Moldes y Matriz","og_url":"https:\/\/www.jaysorectificados.com\/web\/esp\/presupuesto\/","og_site_name":"Jayso Solutions - Rectificados para Moldes y Matriz","article_publisher":"https:\/\/www.facebook.com\/pages\/Rectificados-Jayso\/633805146768724","twitter_card":"summary_large_image","schema":{"@context":"https:\/\/schema.org","@graph":[{"@type":"WebPage","@id":"https:\/\/www.jaysorectificados.com\/web\/esp\/presupuesto\/","url":"https:\/\/www.jaysorectificados.com\/web\/esp\/presupuesto\/","name":"Presupuesto - Jayso Solutions - Rectificados para Moldes y Matriz","isPartOf":{"@id":"https:\/\/www.jaysorectificados.com\/web\/esp\/#website"},"datePublished":"2018-04-15T23:44:36+00:00","dateModified":"2018-04-15T23:44:36+00:00","breadcrumb":{"@id":"https:\/\/www.jaysorectificados.com\/web\/esp\/presupuesto\/#breadcrumb"},"inLanguage":"es","potentialAction":[{"@type":"ReadAction","target":["https:\/\/www.jaysorectificados.com\/web\/esp\/presupuesto\/"]}]},{"@type":"BreadcrumbList","@id":"https:\/\/www.jaysorectificados.com\/web\/esp\/presupuesto\/#breadcrumb","itemListElement":[{"@type":"ListItem","position":1,"name":"Portada","item":"https:\/\/www.jaysorectificados.com\/web\/esp\/"},{"@type":"ListItem","position":2,"name":"Presupuesto"}]},{"@type":"WebSite","@id":"https:\/\/www.jaysorectificados.com\/web\/esp\/#website","url":"https:\/\/www.jaysorectificados.com\/web\/esp\/","name":"Jayso Solutions - Rectificados para Moldes y Matriz","description":"Jayso Solutions elementos normalizados para la industria del molde y la matriz","publisher":{"@id":"https:\/\/www.jaysorectificados.com\/web\/esp\/#organization"},"potentialAction":[{"@type":"SearchAction","target":{"@type":"EntryPoint","urlTemplate":"https:\/\/www.jaysorectificados.com\/web\/esp\/?s={search_term_string}"},"query-input":"required name=search_term_string"}],"inLanguage":"es"},{"@type":"Organization","@id":"https:\/\/www.jaysorectificados.com\/web\/esp\/#organization","name":"JAYSO SOLUTIONS","url":"https:\/\/www.jaysorectificados.com\/web\/esp\/","logo":{"@type":"ImageObject","inLanguage":"es","@id":"https:\/\/www.jaysorectificados.com\/web\/esp\/#\/schema\/logo\/image\/","url":"https:\/\/www.jaysorectificados.com\/web\/esp\/wp-content\/uploads\/2019\/09\/buscamo_comercial-e1569838948419.jpg","contentUrl":"https:\/\/www.jaysorectificados.com\/web\/esp\/wp-content\/uploads\/2019\/09\/buscamo_comercial-e1569838948419.jpg","width":640,"height":279,"caption":"JAYSO SOLUTIONS"},"image":{"@id":"https:\/\/www.jaysorectificados.com\/web\/esp\/#\/schema\/logo\/image\/"},"sameAs":["https:\/\/www.facebook.com\/pages\/Rectificados-Jayso\/633805146768724","https:\/\/www.linkedin.com\/in\/jayso-solutions-specials-parts-and-pieces-for-moulds-and-dies-90491b153\/"]}]}},"_links":{"self":[{"href":"https:\/\/www.jaysorectificados.com\/web\/esp\/wp-json\/wp\/v2\/pages\/1010"}],"collection":[{"href":"https:\/\/www.jaysorectificados.com\/web\/esp\/wp-json\/wp\/v2\/pages"}],"about":[{"href":"https:\/\/www.jaysorectificados.com\/web\/esp\/wp-json\/wp\/v2\/types\/page"}],"author":[{"embeddable":true,"href":"https:\/\/www.jaysorectificados.com\/web\/esp\/wp-json\/wp\/v2\/users\/1"}],"replies":[{"embeddable":true,"href":"https:\/\/www.jaysorectificados.com\/web\/esp\/wp-json\/wp\/v2\/comments?post=1010"}],"version-history":[{"count":0,"href":"https:\/\/www.jaysorectificados.com\/web\/esp\/wp-json\/wp\/v2\/pages\/1010\/revisions"}],"wp:attachment":[{"href":"https:\/\/www.jaysorectificados.com\/web\/esp\/wp-json\/wp\/v2\/media?parent=1010"}],"curies":[{"name":"wp","href":"https:\/\/api.w.org\/{rel}","templated":true}]}}