{"id":1030,"date":"2018-04-29T14:44:12","date_gmt":"2018-04-29T14:44:12","guid":{"rendered":"https:\/\/www.jaysorectificados.com\/web\/esp\/?page_id=1030"},"modified":"2019-03-06T16:15:54","modified_gmt":"2019-03-06T16:15:54","slug":"piezas-especiales","status":"publish","type":"page","link":"https:\/\/www.jaysorectificados.com\/web\/esp\/piezas-especiales\/","title":{"rendered":"Piezas especiales"},"content":{"rendered":"<div class=\"wpb-content-wrapper\"><p>[vc_row wrap_container=\u00bbyes\u00bb el_class=\u00bbp-b-lg\u00bb css=\u00bb.vc_custom_1525017263956{background-color: #e5e5e5 !important;}\u00bb][vc_column]<h2 class=\"word-rotator slide  vc_custom_1525251199830 short m-t-xl\" style=\"line-height:46px;text-align:center;\" data-plugin-options=\"{'waittime': 2500, 'pauseOnHover': false}\"><span class=\"word-rotate-prefix\" style=\"\">JAYSO SOLUTIONS ES <\/span> <span class=\"word-rotator-items has-bg\" style=\"color:#ffffff;background:#dd8502;\"><b class=\"active\">INNOVACI\u00d3N<\/b><b>PROGRESO<\/b><b>CALIDAD<\/b><\/span><\/h2>[vc_column_text el_class=\u00bbfeatured lead\u00bb]<\/p>\n<div class=\"wpb_text_column wpb_content_element wpb_animate_when_almost_visible wpb_bounceInRight bounceInRight vc_custom_1521663755964 wpb_start_animation animated\">\n<div class=\"wpb_wrapper\">\n<h3 style=\"text-align: center;\"><strong>JAYSO SOLUTIONS es una empresa lider en Espa\u00f1a en fabricaci\u00f3n de piezas especiales, materiales especiales, tratamiento t\u00e9rmico y acabados.<\/strong><\/h3>\n<h3 style=\"text-align: center;\"><strong>Estamos especializados en el dise\u00f1o para mecanizaci\u00f3n de piezas desde 3D.<\/strong><\/h3>\n<\/div>\n<\/div>\n<p>[\/vc_column_text][\/vc_column][\/vc_row][vc_row wrap_container=\u00bbyes\u00bb el_class=\u00bbp-b-lg\u00bb css=\u00bb.vc_custom_1525018545170{padding-top: 50px !important;padding-bottom: -50px !important;}\u00bb][vc_column width=\u00bb1\/2&#8243;][vc_single_image image=\u00bb1037&#8243; img_size=\u00bbmedium\u00bb alignment=\u00bbcenter\u00bb css_animation=\u00bbbounceInLeft\u00bb][\/vc_column][vc_column width=\u00bb1\/2&#8243; css=\u00bb.vc_custom_1525017388800{padding-top: 50px !important;}\u00bb][vc_column_text css_animation=\u00bbfadeInRight\u00bb]<\/p>\n<ul>\n<li>\n<h4>M\u00e1xima exigencia en tolerancias y acabado super\ufb01cial<\/h4>\n<\/li>\n<li>\n<h4>Disponibilidad de todo tipo de materiales f\u00e9rricos y no f\u00e9rricos<\/h4>\n<\/li>\n<li>\n<h4>Posibilidad de recubrimiento de todo tipo, de acuerdo a las especi\ufb01caciones del\u00a0usuario \ufb01nal<\/h4>\n<\/li>\n<\/ul>\n<p>[\/vc_column_text][vc_btn title=\u00bbM\u00e1s informaci\u00f3n\u00bb color=\u00bbwarning\u00bb size=\u00bblg\u00bb align=\u00bbcenter\u00bb css_animation=\u00bbfadeIn\u00bb link=\u00bburl:https%3A%2F%2Fwww.jaysorectificados.com%2Fweb%2Fesp%2Fpresupuesto%2F|||\u00bb][\/vc_column][\/vc_row][vc_row content_placement=\u00bbmiddle\u00bb parallax=\u00bbcontent-moving\u00bb parallax_image=\u00bb1033&#8243; parallax_speed_bg=\u00bb5&#8243; wrap_container=\u00bbyes\u00bb text_align=\u00bbcenter\u00bb el_class=\u00bbp-b-lg\u00bb css=\u00bb.vc_custom_1525019035558{padding-top: 40px !important;background-color: #e5e5e5 !important;}\u00bb][vc_column css=\u00bb.vc_custom_1525017618910{padding-top: 50px !important;}\u00bb][vc_column_text el_class=\u00bbfeatured lead\u00bb]<\/p>\n<div class=\"wpb_text_column wpb_content_element wpb_animate_when_almost_visible wpb_bounceInRight bounceInRight vc_custom_1521663755964 wpb_start_animation animated\">\n<div class=\"wpb_wrapper\">\n<h3 style=\"text-align: center;\"><span style=\"color: #ffffff;\"><strong>FABRICACI\u00d3N BAJO PLANO DE ELEMENTOS ANTIFRICCI\u00d3N BRONCE\/GRAFITO, BRONCE, ACERO\/GRAFITO.<\/strong><\/span><\/h3>\n<\/div>\n<\/div>\n<p>[\/vc_column_text][\/vc_column][\/vc_row][vc_row css=\u00bb.vc_custom_1525019159346{margin-top: 80px !important;}\u00bb][vc_column css=\u00bb.vc_custom_1525019075272{border-top-width: 50px !important;}\u00bb][vc_single_image image=\u00bb1048&#8243; img_size=\u00bblarge\u00bb alignment=\u00bbcenter\u00bb css_animation=\u00bbfadeIn\u00bb][\/vc_column][\/vc_row][vc_row wrap_container=\u00bbyes\u00bb][vc_column][vc_separator css=\u00bb.vc_custom_1528067482566{margin-top: 50px !important;margin-bottom: 50px !important;}\u00bb][vc_custom_heading text=\u00bbTrabajamos con las <strong>MEJORES MARCAS<\/strong>\u00bb font_container=\u00bbtag:h2|text_align:center\u00bb use_theme_fonts=\u00bbyes\u00bb]<div class=\"porto-carousel owl-carousel has-ccols has-ccols-spacing ccols-xl-5 ccols-lg-4 ccols-md-3 ccols-sm-2 ccols-1 stage-margin wpb_custom_643c5b6008579a353a401cbde786ba4a\" data-plugin-options=\"{&quot;themeConfig&quot;:true,&quot;stagePadding&quot;:40,&quot;margin&quot;:60,&quot;autoplay&quot;:false,&quot;mouseDrag&quot;:true,&quot;touchDrag&quot;:true,&quot;autoplayTimeout&quot;:5000,&quot;autoplayHoverPause&quot;:false,&quot;items&quot;:5,&quot;xl&quot;:5,&quot;lg&quot;:4,&quot;md&quot;:3,&quot;sm&quot;:2,&quot;xs&quot;:1,&quot;nav&quot;:false,&quot;dots&quot;:false,&quot;animateIn&quot;:&quot;&quot;,&quot;animateOut&quot;:&quot;&quot;,&quot;loop&quot;:false,&quot;center&quot;:false,&quot;video&quot;:false,&quot;lazyLoad&quot;:false,&quot;fullscreen&quot;:false}\">[vc_single_image image=\u00bb1085&#8243; img_size=\u00bb\u00bb alignment=\u00bbcenter\u00bb][vc_single_image image=\u00bb1089&#8243; img_size=\u00bb\u00bb alignment=\u00bbcenter\u00bb][vc_single_image image=\u00bb1087&#8243; img_size=\u00bb\u00bb alignment=\u00bbcenter\u00bb][vc_single_image image=\u00bb1199&#8243; img_size=\u00bb\u00bb alignment=\u00bbcenter\u00bb][vc_single_image image=\u00bb1279&#8243; img_size=\u00bb\u00bb alignment=\u00bbcenter\u00bb label=\u00bb\u00bb]<\/div>[vc_single_image image=\u00bb1202&#8243; alignment=\u00bbcenter\u00bb][vc_custom_heading text=\u00bbAsociados de <strong>Ibiae<\/strong>\u00bb font_container=\u00bbtag:h2|text_align:center\u00bb use_theme_fonts=\u00bbyes\u00bb][\/vc_column][\/vc_row]<\/p>\n<\/div>","protected":false},"excerpt":{"rendered":"<p>[vc_row wrap_container=\u00bbyes\u00bb el_class=\u00bbp-b-lg\u00bb css=\u00bb.vc_custom_1525017263956{background-color: #e5e5e5 !important;}\u00bb][vc_column][vc_column_text el_class=\u00bbfeatured lead\u00bb] JAYSO SOLUTIONS es una empresa lider en Espa\u00f1a en fabricaci\u00f3n de piezas especiales, materiales especiales, tratamiento t\u00e9rmico y acabados. Estamos especializados en el dise\u00f1o para mecanizaci\u00f3n de piezas desde 3D. [\/vc_column_text][\/vc_column][\/vc_row][vc_row wrap_container=\u00bbyes\u00bb el_class=\u00bbp-b-lg\u00bb css=\u00bb.vc_custom_1525018545170{padding-top: 50px !important;padding-bottom: -50px !important;}\u00bb][vc_column width=\u00bb1\/2&#8243;][vc_single_image image=\u00bb1037&#8243; img_size=\u00bbmedium\u00bb alignment=\u00bbcenter\u00bb css_animation=\u00bbbounceInLeft\u00bb][\/vc_column][vc_column width=\u00bb1\/2&#8243; css=\u00bb.vc_custom_1525017388800{padding-top: 50px !important;}\u00bb][vc_column_text [&hellip;]<\/p>\n","protected":false},"author":1,"featured_media":0,"parent":0,"menu_order":0,"comment_status":"closed","ping_status":"closed","template":"","meta":{"footnotes":""},"yoast_head":"<!-- This site is optimized with the Yoast SEO plugin v22.9 - https:\/\/yoast.com\/wordpress\/plugins\/seo\/ -->\r\n<title>Piezas especiales - Jayso Solutions - Rectificados para Moldes y Matriz<\/title>\r\n<meta name=\"robots\" content=\"index, follow, max-snippet:-1, max-image-preview:large, max-video-preview:-1\" \/>\r\n<link rel=\"canonical\" href=\"https:\/\/www.jaysorectificados.com\/web\/esp\/piezas-especiales\/\" \/>\r\n<meta property=\"og:locale\" content=\"es_ES\" \/>\r\n<meta property=\"og:type\" content=\"article\" \/>\r\n<meta property=\"og:title\" content=\"Piezas especiales - Jayso Solutions - Rectificados para Moldes y Matriz\" \/>\r\n<meta property=\"og:description\" content=\"[vc_row wrap_container=\u00bbyes\u00bb el_class=\u00bbp-b-lg\u00bb css=\u00bb.vc_custom_1525017263956{background-color: #e5e5e5 !important;}\u00bb][vc_column][vc_column_text el_class=\u00bbfeatured lead\u00bb] JAYSO SOLUTIONS es una empresa lider en Espa\u00f1a en fabricaci\u00f3n de piezas especiales, materiales especiales, tratamiento t\u00e9rmico y acabados. Estamos especializados en el dise\u00f1o para mecanizaci\u00f3n de piezas desde 3D. [\/vc_column_text][\/vc_column][\/vc_row][vc_row wrap_container=\u00bbyes\u00bb el_class=\u00bbp-b-lg\u00bb css=\u00bb.vc_custom_1525018545170{padding-top: 50px !important;padding-bottom: -50px !important;}\u00bb][vc_column width=\u00bb1\/2&#8243;][vc_single_image image=\u00bb1037&#8243; img_size=\u00bbmedium\u00bb alignment=\u00bbcenter\u00bb css_animation=\u00bbbounceInLeft\u00bb][\/vc_column][vc_column width=\u00bb1\/2&#8243; css=\u00bb.vc_custom_1525017388800{padding-top: 50px !important;}\u00bb][vc_column_text [&hellip;]\" \/>\r\n<meta property=\"og:url\" content=\"https:\/\/www.jaysorectificados.com\/web\/esp\/piezas-especiales\/\" \/>\r\n<meta property=\"og:site_name\" content=\"Jayso Solutions - Rectificados para Moldes y Matriz\" \/>\r\n<meta property=\"article:publisher\" content=\"https:\/\/www.facebook.com\/pages\/Rectificados-Jayso\/633805146768724\" \/>\r\n<meta property=\"article:modified_time\" content=\"2019-03-06T16:15:54+00:00\" \/>\r\n<meta name=\"twitter:card\" content=\"summary_large_image\" \/>\r\n<meta name=\"twitter:label1\" content=\"Tiempo de lectura\" \/>\n\t<meta name=\"twitter:data1\" content=\"2 minutos\" \/>\r\n<script type=\"application\/ld+json\" class=\"yoast-schema-graph\">{\"@context\":\"https:\/\/schema.org\",\"@graph\":[{\"@type\":\"WebPage\",\"@id\":\"https:\/\/www.jaysorectificados.com\/web\/esp\/piezas-especiales\/\",\"url\":\"https:\/\/www.jaysorectificados.com\/web\/esp\/piezas-especiales\/\",\"name\":\"Piezas especiales - Jayso Solutions - Rectificados para Moldes y Matriz\",\"isPartOf\":{\"@id\":\"https:\/\/www.jaysorectificados.com\/web\/esp\/#website\"},\"datePublished\":\"2018-04-29T14:44:12+00:00\",\"dateModified\":\"2019-03-06T16:15:54+00:00\",\"breadcrumb\":{\"@id\":\"https:\/\/www.jaysorectificados.com\/web\/esp\/piezas-especiales\/#breadcrumb\"},\"inLanguage\":\"es\",\"potentialAction\":[{\"@type\":\"ReadAction\",\"target\":[\"https:\/\/www.jaysorectificados.com\/web\/esp\/piezas-especiales\/\"]}]},{\"@type\":\"BreadcrumbList\",\"@id\":\"https:\/\/www.jaysorectificados.com\/web\/esp\/piezas-especiales\/#breadcrumb\",\"itemListElement\":[{\"@type\":\"ListItem\",\"position\":1,\"name\":\"Portada\",\"item\":\"https:\/\/www.jaysorectificados.com\/web\/esp\/\"},{\"@type\":\"ListItem\",\"position\":2,\"name\":\"Piezas especiales\"}]},{\"@type\":\"WebSite\",\"@id\":\"https:\/\/www.jaysorectificados.com\/web\/esp\/#website\",\"url\":\"https:\/\/www.jaysorectificados.com\/web\/esp\/\",\"name\":\"Jayso Solutions - Rectificados para Moldes y Matriz\",\"description\":\"Jayso Solutions elementos normalizados para la industria del molde y la matriz\",\"publisher\":{\"@id\":\"https:\/\/www.jaysorectificados.com\/web\/esp\/#organization\"},\"potentialAction\":[{\"@type\":\"SearchAction\",\"target\":{\"@type\":\"EntryPoint\",\"urlTemplate\":\"https:\/\/www.jaysorectificados.com\/web\/esp\/?s={search_term_string}\"},\"query-input\":\"required name=search_term_string\"}],\"inLanguage\":\"es\"},{\"@type\":\"Organization\",\"@id\":\"https:\/\/www.jaysorectificados.com\/web\/esp\/#organization\",\"name\":\"JAYSO SOLUTIONS\",\"url\":\"https:\/\/www.jaysorectificados.com\/web\/esp\/\",\"logo\":{\"@type\":\"ImageObject\",\"inLanguage\":\"es\",\"@id\":\"https:\/\/www.jaysorectificados.com\/web\/esp\/#\/schema\/logo\/image\/\",\"url\":\"https:\/\/www.jaysorectificados.com\/web\/esp\/wp-content\/uploads\/2019\/09\/buscamo_comercial-e1569838948419.jpg\",\"contentUrl\":\"https:\/\/www.jaysorectificados.com\/web\/esp\/wp-content\/uploads\/2019\/09\/buscamo_comercial-e1569838948419.jpg\",\"width\":640,\"height\":279,\"caption\":\"JAYSO SOLUTIONS\"},\"image\":{\"@id\":\"https:\/\/www.jaysorectificados.com\/web\/esp\/#\/schema\/logo\/image\/\"},\"sameAs\":[\"https:\/\/www.facebook.com\/pages\/Rectificados-Jayso\/633805146768724\",\"https:\/\/www.linkedin.com\/in\/jayso-solutions-specials-parts-and-pieces-for-moulds-and-dies-90491b153\/\"]}]}<\/script>\r\n<!-- \/ Yoast SEO plugin. -->","yoast_head_json":{"title":"Piezas especiales - Jayso Solutions - Rectificados para Moldes y Matriz","robots":{"index":"index","follow":"follow","max-snippet":"max-snippet:-1","max-image-preview":"max-image-preview:large","max-video-preview":"max-video-preview:-1"},"canonical":"https:\/\/www.jaysorectificados.com\/web\/esp\/piezas-especiales\/","og_locale":"es_ES","og_type":"article","og_title":"Piezas especiales - Jayso Solutions - Rectificados para Moldes y Matriz","og_description":"[vc_row wrap_container=\u00bbyes\u00bb el_class=\u00bbp-b-lg\u00bb css=\u00bb.vc_custom_1525017263956{background-color: #e5e5e5 !important;}\u00bb][vc_column][vc_column_text el_class=\u00bbfeatured lead\u00bb] JAYSO SOLUTIONS es una empresa lider en Espa\u00f1a en fabricaci\u00f3n de piezas especiales, materiales especiales, tratamiento t\u00e9rmico y acabados. Estamos especializados en el dise\u00f1o para mecanizaci\u00f3n de piezas desde 3D. [\/vc_column_text][\/vc_column][\/vc_row][vc_row wrap_container=\u00bbyes\u00bb el_class=\u00bbp-b-lg\u00bb css=\u00bb.vc_custom_1525018545170{padding-top: 50px !important;padding-bottom: -50px !important;}\u00bb][vc_column width=\u00bb1\/2&#8243;][vc_single_image image=\u00bb1037&#8243; img_size=\u00bbmedium\u00bb alignment=\u00bbcenter\u00bb css_animation=\u00bbbounceInLeft\u00bb][\/vc_column][vc_column width=\u00bb1\/2&#8243; css=\u00bb.vc_custom_1525017388800{padding-top: 50px !important;}\u00bb][vc_column_text [&hellip;]","og_url":"https:\/\/www.jaysorectificados.com\/web\/esp\/piezas-especiales\/","og_site_name":"Jayso Solutions - Rectificados para Moldes y Matriz","article_publisher":"https:\/\/www.facebook.com\/pages\/Rectificados-Jayso\/633805146768724","article_modified_time":"2019-03-06T16:15:54+00:00","twitter_card":"summary_large_image","twitter_misc":{"Tiempo de lectura":"2 minutos"},"schema":{"@context":"https:\/\/schema.org","@graph":[{"@type":"WebPage","@id":"https:\/\/www.jaysorectificados.com\/web\/esp\/piezas-especiales\/","url":"https:\/\/www.jaysorectificados.com\/web\/esp\/piezas-especiales\/","name":"Piezas especiales - Jayso Solutions - Rectificados para Moldes y Matriz","isPartOf":{"@id":"https:\/\/www.jaysorectificados.com\/web\/esp\/#website"},"datePublished":"2018-04-29T14:44:12+00:00","dateModified":"2019-03-06T16:15:54+00:00","breadcrumb":{"@id":"https:\/\/www.jaysorectificados.com\/web\/esp\/piezas-especiales\/#breadcrumb"},"inLanguage":"es","potentialAction":[{"@type":"ReadAction","target":["https:\/\/www.jaysorectificados.com\/web\/esp\/piezas-especiales\/"]}]},{"@type":"BreadcrumbList","@id":"https:\/\/www.jaysorectificados.com\/web\/esp\/piezas-especiales\/#breadcrumb","itemListElement":[{"@type":"ListItem","position":1,"name":"Portada","item":"https:\/\/www.jaysorectificados.com\/web\/esp\/"},{"@type":"ListItem","position":2,"name":"Piezas especiales"}]},{"@type":"WebSite","@id":"https:\/\/www.jaysorectificados.com\/web\/esp\/#website","url":"https:\/\/www.jaysorectificados.com\/web\/esp\/","name":"Jayso Solutions - Rectificados para Moldes y Matriz","description":"Jayso Solutions elementos normalizados para la industria del molde y la matriz","publisher":{"@id":"https:\/\/www.jaysorectificados.com\/web\/esp\/#organization"},"potentialAction":[{"@type":"SearchAction","target":{"@type":"EntryPoint","urlTemplate":"https:\/\/www.jaysorectificados.com\/web\/esp\/?s={search_term_string}"},"query-input":"required name=search_term_string"}],"inLanguage":"es"},{"@type":"Organization","@id":"https:\/\/www.jaysorectificados.com\/web\/esp\/#organization","name":"JAYSO SOLUTIONS","url":"https:\/\/www.jaysorectificados.com\/web\/esp\/","logo":{"@type":"ImageObject","inLanguage":"es","@id":"https:\/\/www.jaysorectificados.com\/web\/esp\/#\/schema\/logo\/image\/","url":"https:\/\/www.jaysorectificados.com\/web\/esp\/wp-content\/uploads\/2019\/09\/buscamo_comercial-e1569838948419.jpg","contentUrl":"https:\/\/www.jaysorectificados.com\/web\/esp\/wp-content\/uploads\/2019\/09\/buscamo_comercial-e1569838948419.jpg","width":640,"height":279,"caption":"JAYSO SOLUTIONS"},"image":{"@id":"https:\/\/www.jaysorectificados.com\/web\/esp\/#\/schema\/logo\/image\/"},"sameAs":["https:\/\/www.facebook.com\/pages\/Rectificados-Jayso\/633805146768724","https:\/\/www.linkedin.com\/in\/jayso-solutions-specials-parts-and-pieces-for-moulds-and-dies-90491b153\/"]}]}},"_links":{"self":[{"href":"https:\/\/www.jaysorectificados.com\/web\/esp\/wp-json\/wp\/v2\/pages\/1030"}],"collection":[{"href":"https:\/\/www.jaysorectificados.com\/web\/esp\/wp-json\/wp\/v2\/pages"}],"about":[{"href":"https:\/\/www.jaysorectificados.com\/web\/esp\/wp-json\/wp\/v2\/types\/page"}],"author":[{"embeddable":true,"href":"https:\/\/www.jaysorectificados.com\/web\/esp\/wp-json\/wp\/v2\/users\/1"}],"replies":[{"embeddable":true,"href":"https:\/\/www.jaysorectificados.com\/web\/esp\/wp-json\/wp\/v2\/comments?post=1030"}],"version-history":[{"count":0,"href":"https:\/\/www.jaysorectificados.com\/web\/esp\/wp-json\/wp\/v2\/pages\/1030\/revisions"}],"wp:attachment":[{"href":"https:\/\/www.jaysorectificados.com\/web\/esp\/wp-json\/wp\/v2\/media?parent=1030"}],"curies":[{"name":"wp","href":"https:\/\/api.w.org\/{rel}","templated":true}]}}