{"id":55,"date":"2016-06-13T15:48:45","date_gmt":"2016-06-13T15:48:45","guid":{"rendered":"http:\/\/sw-themes.com\/porto_dummy\/?page_id=55"},"modified":"2019-03-06T16:10:58","modified_gmt":"2019-03-06T16:10:58","slug":"empresa-2","status":"publish","type":"page","link":"https:\/\/www.jaysorectificados.com\/web\/esp\/empresa-2\/","title":{"rendered":"Empresa"},"content":{"rendered":"<div class=\"wpb-content-wrapper\"><p>[vc_row wrap_container=\u00bbyes\u00bb el_class=\u00bbp-b-lg\u00bb][vc_column]<h2 class=\"word-rotator slide  vc_custom_1525250457510 short m-t-xl\" style=\"line-height:46px;text-align:center;\" data-plugin-options=\"{'waittime': 2500, 'pauseOnHover': false}\"><span class=\"word-rotate-prefix\" style=\"\">JAYSO SOLUTIONS ES <\/span> <span class=\"word-rotator-items has-bg\" style=\"color:#ffffff;background:#dd8502;\"><b class=\"active\">INNOVACI\u00d3N<\/b><b>PROGRESO<\/b><b>CALIDAD<\/b><\/span><\/h2>[vc_column_text el_class=\u00bbfeatured lead\u00bb]<strong>Jayso Solutions<\/strong> es una empresa familiar que pasa ahora por su tercera generaci\u00f3n con m\u00e1s de 50 a\u00f1os de historia al servicio de la industria del molde y la matriz que nos avalan.<\/p>\n<p>En sus principios la fund\u00f3 <strong>Don Pedro S\u00e1nchez Morata<\/strong> con un taller muy artesanal dedicado a la fabricaci\u00f3n de accesorios especiales para el molde. Ahora ya en su tercera generaci\u00f3n y bajo la marca Jayso Rectificados hemos logrado gracias a la continua actualizaci\u00f3n de nuestros procesos productivos una f\u00e1brica automatizada para la mecanizaci\u00f3n de elementos normalizados y especiales dedicado a la industria del molde y la matriz, con un gran grupo de personas cualificadas y muy motivadas en constante formaci\u00f3n para aumentar la producci\u00f3n y agilizar la entrega y as\u00ed conseguir los nuevos requisitos de nuestros clientes.<\/p>\n<p>Nuestro sentimiento y nuestra dedicaci\u00f3n nos ha llevado a <strong>estar presentes en varios pa\u00edses de Europa, Am\u00e9rica, \u00c1frica y Asia<\/strong>.<\/p>\n<p class=\"last\"><strong>Los intereses de nuestros clientes y los nuestros van siempre unidos<\/strong> y por ello hemos ido agregando a trav\u00e9s de los a\u00f1os el objetivo de ser los mejores entre los proveedores de su empresa, ya que es nuestra principal prioridad.<\/p>\n<p>[\/vc_column_text][vc_separator css=\u00bb.vc_custom_1528067063560{margin-top: 50px !important;margin-bottom: 50px !important;}\u00bb][vc_custom_heading text=\u00bbTrabajamos con las <strong>MEJORES MARCAS<\/strong>\u00bb font_container=\u00bbtag:h2|text_align:center\u00bb use_theme_fonts=\u00bbyes\u00bb]<div class=\"porto-carousel owl-carousel has-ccols has-ccols-spacing ccols-xl-5 ccols-lg-4 ccols-md-3 ccols-sm-2 ccols-1 stage-margin wpb_custom_643c5b6008579a353a401cbde786ba4a\" data-plugin-options=\"{&quot;themeConfig&quot;:true,&quot;stagePadding&quot;:40,&quot;margin&quot;:60,&quot;autoplay&quot;:false,&quot;mouseDrag&quot;:true,&quot;touchDrag&quot;:true,&quot;autoplayTimeout&quot;:5000,&quot;autoplayHoverPause&quot;:false,&quot;items&quot;:5,&quot;xl&quot;:5,&quot;lg&quot;:4,&quot;md&quot;:3,&quot;sm&quot;:2,&quot;xs&quot;:1,&quot;nav&quot;:false,&quot;dots&quot;:false,&quot;animateIn&quot;:&quot;&quot;,&quot;animateOut&quot;:&quot;&quot;,&quot;loop&quot;:false,&quot;center&quot;:false,&quot;video&quot;:false,&quot;lazyLoad&quot;:false,&quot;fullscreen&quot;:false}\">[vc_single_image image=\u00bb1085&#8243; img_size=\u00bb\u00bb alignment=\u00bbcenter\u00bb][vc_single_image image=\u00bb1089&#8243; img_size=\u00bb\u00bb alignment=\u00bbcenter\u00bb][vc_single_image image=\u00bb1087&#8243; img_size=\u00bb\u00bb alignment=\u00bbcenter\u00bb][vc_single_image image=\u00bb1199&#8243; img_size=\u00bb\u00bb alignment=\u00bbcenter\u00bb][vc_single_image image=\u00bb1279&#8243; img_size=\u00bb\u00bb alignment=\u00bbcenter\u00bb label=\u00bb\u00bb]<\/div>[vc_single_image image=\u00bb1202&#8243; alignment=\u00bbcenter\u00bb][vc_custom_heading text=\u00bbAsociados de <strong>Ibiae<\/strong>\u00bb font_container=\u00bbtag:h2|text_align:center\u00bb use_theme_fonts=\u00bbyes\u00bb][\/vc_column][\/vc_row][vc_row full_width=\u00bbstretch_row\u00bb wrap_container=\u00bbyes\u00bb is_section=\u00bbyes\u00bb section_skin=\u00bbprimary\u00bb remove_margin_top=\u00bbyes\u00bb remove_margin_bottom=\u00bbyes\u00bb el_class=\u00bbp-b-xl\u00bb][vc_column width=\u00bb1\/4&#8243;]<div class=\"stats-block stats-top  m-b  wpb_custom_a517333ace5b1666c6af8bd4684f1de9\"><div class=\"stats-desc\"><div class=\"counter_prefix mycust\" style=\" font-size:50px;color:#ffffff\">+<\/div><div id=\"counter_158545402769e43f6774901\" data-id=\"counter_158545402769e43f6774901\" class=\"stats-number\" style=\" font-size:50px;color:#ffffff;\" data-speed=\"3\" data-counter-value=\"2000\" data-separator=\"none\" data-decimal=\".\">0<\/div><div class=\"stats-text\" style=\"font-size:20px;color:#ffffff;\">Clientes<\/div><\/div><\/div>[\/vc_column][vc_column width=\u00bb1\/4&#8243;]<div class=\"stats-block stats-top  m-b  wpb_custom_a517333ace5b1666c6af8bd4684f1de9\"><div class=\"stats-desc\"><div id=\"counter_151820820869e43f6774ba8\" data-id=\"counter_151820820869e43f6774ba8\" class=\"stats-number\" style=\" font-size:50px;color:#ffffff;\" data-speed=\"3\" data-counter-value=\"50\" data-separator=\",\" data-decimal=\".\">0<\/div><div class=\"stats-text\" style=\"font-size:20px;color:#ffffff;\">A\u00f1os en el sector<\/div><\/div><\/div>[\/vc_column][vc_column width=\u00bb1\/4&#8243;]<div class=\"stats-block stats-top  m-b  wpb_custom_a517333ace5b1666c6af8bd4684f1de9\"><div class=\"stats-desc\"><div class=\"counter_prefix mycust\" style=\" font-size:50px;color:#ffffff\">+<\/div><div id=\"counter_181186802569e43f6774d7a\" data-id=\"counter_181186802569e43f6774d7a\" class=\"stats-number\" style=\" font-size:50px;color:#ffffff;\" data-speed=\"3\" data-counter-value=\"352\" data-separator=\",\" data-decimal=\".\">0<\/div><div class=\"stats-text\" style=\"font-size:20px;color:#ffffff;\">Familias de productos<\/div><\/div><\/div>[\/vc_column][vc_column width=\u00bb1\/4&#8243;]<div class=\"stats-block stats-top  m-b  wpb_custom_a517333ace5b1666c6af8bd4684f1de9\"><div class=\"stats-desc\"><div id=\"counter_118150662069e43f6774f5d\" data-id=\"counter_118150662069e43f6774f5d\" class=\"stats-number\" style=\" font-size:50px;color:#ffffff;\" data-speed=\"3\" data-counter-value=\"178\" data-separator=\",\" data-decimal=\".\">0<\/div><div class=\"stats-text\" style=\"font-size:20px;color:#ffffff;\">High Score<\/div><\/div><\/div>[\/vc_column][\/vc_row]<\/p>\n<\/div>","protected":false},"excerpt":{"rendered":"<p>[vc_row wrap_container=\u00bbyes\u00bb el_class=\u00bbp-b-lg\u00bb][vc_column][vc_column_text el_class=\u00bbfeatured lead\u00bb]Jayso Solutions es una empresa familiar que pasa ahora por su tercera generaci\u00f3n con m\u00e1s de 50 a\u00f1os de historia al servicio de la industria del molde y la matriz que nos avalan. En sus principios la fund\u00f3 Don Pedro S\u00e1nchez Morata con un taller muy artesanal dedicado a la fabricaci\u00f3n [&hellip;]<\/p>\n","protected":false},"author":1,"featured_media":0,"parent":0,"menu_order":0,"comment_status":"closed","ping_status":"closed","template":"","meta":{"footnotes":""},"yoast_head":"<!-- This site is optimized with the Yoast SEO plugin v22.9 - https:\/\/yoast.com\/wordpress\/plugins\/seo\/ -->\r\n<title>Empresa - Jayso Solutions - Rectificados para Moldes y Matriz<\/title>\r\n<meta name=\"robots\" content=\"index, follow, max-snippet:-1, max-image-preview:large, max-video-preview:-1\" \/>\r\n<link rel=\"canonical\" href=\"https:\/\/www.jaysorectificados.com\/web\/esp\/empresa-2\/\" \/>\r\n<meta property=\"og:locale\" content=\"es_ES\" \/>\r\n<meta property=\"og:type\" content=\"article\" \/>\r\n<meta property=\"og:title\" content=\"Empresa - Jayso Solutions - Rectificados para Moldes y Matriz\" \/>\r\n<meta property=\"og:description\" content=\"[vc_row wrap_container=\u00bbyes\u00bb el_class=\u00bbp-b-lg\u00bb][vc_column][vc_column_text el_class=\u00bbfeatured lead\u00bb]Jayso Solutions es una empresa familiar que pasa ahora por su tercera generaci\u00f3n con m\u00e1s de 50 a\u00f1os de historia al servicio de la industria del molde y la matriz que nos avalan. En sus principios la fund\u00f3 Don Pedro S\u00e1nchez Morata con un taller muy artesanal dedicado a la fabricaci\u00f3n [&hellip;]\" \/>\r\n<meta property=\"og:url\" content=\"https:\/\/www.jaysorectificados.com\/web\/esp\/empresa-2\/\" \/>\r\n<meta property=\"og:site_name\" content=\"Jayso Solutions - Rectificados para Moldes y Matriz\" \/>\r\n<meta property=\"article:publisher\" content=\"https:\/\/www.facebook.com\/pages\/Rectificados-Jayso\/633805146768724\" \/>\r\n<meta property=\"article:modified_time\" content=\"2019-03-06T16:10:58+00:00\" \/>\r\n<meta name=\"twitter:card\" content=\"summary_large_image\" \/>\r\n<meta name=\"twitter:label1\" content=\"Tiempo de lectura\" \/>\n\t<meta name=\"twitter:data1\" content=\"3 minutos\" \/>\r\n<script type=\"application\/ld+json\" class=\"yoast-schema-graph\">{\"@context\":\"https:\/\/schema.org\",\"@graph\":[{\"@type\":\"WebPage\",\"@id\":\"https:\/\/www.jaysorectificados.com\/web\/esp\/empresa-2\/\",\"url\":\"https:\/\/www.jaysorectificados.com\/web\/esp\/empresa-2\/\",\"name\":\"Empresa - Jayso Solutions - Rectificados para Moldes y Matriz\",\"isPartOf\":{\"@id\":\"https:\/\/www.jaysorectificados.com\/web\/esp\/#website\"},\"datePublished\":\"2016-06-13T15:48:45+00:00\",\"dateModified\":\"2019-03-06T16:10:58+00:00\",\"breadcrumb\":{\"@id\":\"https:\/\/www.jaysorectificados.com\/web\/esp\/empresa-2\/#breadcrumb\"},\"inLanguage\":\"es\",\"potentialAction\":[{\"@type\":\"ReadAction\",\"target\":[\"https:\/\/www.jaysorectificados.com\/web\/esp\/empresa-2\/\"]}]},{\"@type\":\"BreadcrumbList\",\"@id\":\"https:\/\/www.jaysorectificados.com\/web\/esp\/empresa-2\/#breadcrumb\",\"itemListElement\":[{\"@type\":\"ListItem\",\"position\":1,\"name\":\"Portada\",\"item\":\"https:\/\/www.jaysorectificados.com\/web\/esp\/\"},{\"@type\":\"ListItem\",\"position\":2,\"name\":\"Empresa\"}]},{\"@type\":\"WebSite\",\"@id\":\"https:\/\/www.jaysorectificados.com\/web\/esp\/#website\",\"url\":\"https:\/\/www.jaysorectificados.com\/web\/esp\/\",\"name\":\"Jayso Solutions - Rectificados para Moldes y Matriz\",\"description\":\"Jayso Solutions elementos normalizados para la industria del molde y la matriz\",\"publisher\":{\"@id\":\"https:\/\/www.jaysorectificados.com\/web\/esp\/#organization\"},\"potentialAction\":[{\"@type\":\"SearchAction\",\"target\":{\"@type\":\"EntryPoint\",\"urlTemplate\":\"https:\/\/www.jaysorectificados.com\/web\/esp\/?s={search_term_string}\"},\"query-input\":\"required name=search_term_string\"}],\"inLanguage\":\"es\"},{\"@type\":\"Organization\",\"@id\":\"https:\/\/www.jaysorectificados.com\/web\/esp\/#organization\",\"name\":\"JAYSO SOLUTIONS\",\"url\":\"https:\/\/www.jaysorectificados.com\/web\/esp\/\",\"logo\":{\"@type\":\"ImageObject\",\"inLanguage\":\"es\",\"@id\":\"https:\/\/www.jaysorectificados.com\/web\/esp\/#\/schema\/logo\/image\/\",\"url\":\"https:\/\/www.jaysorectificados.com\/web\/esp\/wp-content\/uploads\/2019\/09\/buscamo_comercial-e1569838948419.jpg\",\"contentUrl\":\"https:\/\/www.jaysorectificados.com\/web\/esp\/wp-content\/uploads\/2019\/09\/buscamo_comercial-e1569838948419.jpg\",\"width\":640,\"height\":279,\"caption\":\"JAYSO SOLUTIONS\"},\"image\":{\"@id\":\"https:\/\/www.jaysorectificados.com\/web\/esp\/#\/schema\/logo\/image\/\"},\"sameAs\":[\"https:\/\/www.facebook.com\/pages\/Rectificados-Jayso\/633805146768724\",\"https:\/\/www.linkedin.com\/in\/jayso-solutions-specials-parts-and-pieces-for-moulds-and-dies-90491b153\/\"]}]}<\/script>\r\n<!-- \/ Yoast SEO plugin. -->","yoast_head_json":{"title":"Empresa - Jayso Solutions - Rectificados para Moldes y Matriz","robots":{"index":"index","follow":"follow","max-snippet":"max-snippet:-1","max-image-preview":"max-image-preview:large","max-video-preview":"max-video-preview:-1"},"canonical":"https:\/\/www.jaysorectificados.com\/web\/esp\/empresa-2\/","og_locale":"es_ES","og_type":"article","og_title":"Empresa - Jayso Solutions - Rectificados para Moldes y Matriz","og_description":"[vc_row wrap_container=\u00bbyes\u00bb el_class=\u00bbp-b-lg\u00bb][vc_column][vc_column_text el_class=\u00bbfeatured lead\u00bb]Jayso Solutions es una empresa familiar que pasa ahora por su tercera generaci\u00f3n con m\u00e1s de 50 a\u00f1os de historia al servicio de la industria del molde y la matriz que nos avalan. En sus principios la fund\u00f3 Don Pedro S\u00e1nchez Morata con un taller muy artesanal dedicado a la fabricaci\u00f3n [&hellip;]","og_url":"https:\/\/www.jaysorectificados.com\/web\/esp\/empresa-2\/","og_site_name":"Jayso Solutions - Rectificados para Moldes y Matriz","article_publisher":"https:\/\/www.facebook.com\/pages\/Rectificados-Jayso\/633805146768724","article_modified_time":"2019-03-06T16:10:58+00:00","twitter_card":"summary_large_image","twitter_misc":{"Tiempo de lectura":"3 minutos"},"schema":{"@context":"https:\/\/schema.org","@graph":[{"@type":"WebPage","@id":"https:\/\/www.jaysorectificados.com\/web\/esp\/empresa-2\/","url":"https:\/\/www.jaysorectificados.com\/web\/esp\/empresa-2\/","name":"Empresa - Jayso Solutions - Rectificados para Moldes y Matriz","isPartOf":{"@id":"https:\/\/www.jaysorectificados.com\/web\/esp\/#website"},"datePublished":"2016-06-13T15:48:45+00:00","dateModified":"2019-03-06T16:10:58+00:00","breadcrumb":{"@id":"https:\/\/www.jaysorectificados.com\/web\/esp\/empresa-2\/#breadcrumb"},"inLanguage":"es","potentialAction":[{"@type":"ReadAction","target":["https:\/\/www.jaysorectificados.com\/web\/esp\/empresa-2\/"]}]},{"@type":"BreadcrumbList","@id":"https:\/\/www.jaysorectificados.com\/web\/esp\/empresa-2\/#breadcrumb","itemListElement":[{"@type":"ListItem","position":1,"name":"Portada","item":"https:\/\/www.jaysorectificados.com\/web\/esp\/"},{"@type":"ListItem","position":2,"name":"Empresa"}]},{"@type":"WebSite","@id":"https:\/\/www.jaysorectificados.com\/web\/esp\/#website","url":"https:\/\/www.jaysorectificados.com\/web\/esp\/","name":"Jayso Solutions - Rectificados para Moldes y Matriz","description":"Jayso Solutions elementos normalizados para la industria del molde y la matriz","publisher":{"@id":"https:\/\/www.jaysorectificados.com\/web\/esp\/#organization"},"potentialAction":[{"@type":"SearchAction","target":{"@type":"EntryPoint","urlTemplate":"https:\/\/www.jaysorectificados.com\/web\/esp\/?s={search_term_string}"},"query-input":"required name=search_term_string"}],"inLanguage":"es"},{"@type":"Organization","@id":"https:\/\/www.jaysorectificados.com\/web\/esp\/#organization","name":"JAYSO SOLUTIONS","url":"https:\/\/www.jaysorectificados.com\/web\/esp\/","logo":{"@type":"ImageObject","inLanguage":"es","@id":"https:\/\/www.jaysorectificados.com\/web\/esp\/#\/schema\/logo\/image\/","url":"https:\/\/www.jaysorectificados.com\/web\/esp\/wp-content\/uploads\/2019\/09\/buscamo_comercial-e1569838948419.jpg","contentUrl":"https:\/\/www.jaysorectificados.com\/web\/esp\/wp-content\/uploads\/2019\/09\/buscamo_comercial-e1569838948419.jpg","width":640,"height":279,"caption":"JAYSO SOLUTIONS"},"image":{"@id":"https:\/\/www.jaysorectificados.com\/web\/esp\/#\/schema\/logo\/image\/"},"sameAs":["https:\/\/www.facebook.com\/pages\/Rectificados-Jayso\/633805146768724","https:\/\/www.linkedin.com\/in\/jayso-solutions-specials-parts-and-pieces-for-moulds-and-dies-90491b153\/"]}]}},"_links":{"self":[{"href":"https:\/\/www.jaysorectificados.com\/web\/esp\/wp-json\/wp\/v2\/pages\/55"}],"collection":[{"href":"https:\/\/www.jaysorectificados.com\/web\/esp\/wp-json\/wp\/v2\/pages"}],"about":[{"href":"https:\/\/www.jaysorectificados.com\/web\/esp\/wp-json\/wp\/v2\/types\/page"}],"author":[{"embeddable":true,"href":"https:\/\/www.jaysorectificados.com\/web\/esp\/wp-json\/wp\/v2\/users\/1"}],"replies":[{"embeddable":true,"href":"https:\/\/www.jaysorectificados.com\/web\/esp\/wp-json\/wp\/v2\/comments?post=55"}],"version-history":[{"count":0,"href":"https:\/\/www.jaysorectificados.com\/web\/esp\/wp-json\/wp\/v2\/pages\/55\/revisions"}],"wp:attachment":[{"href":"https:\/\/www.jaysorectificados.com\/web\/esp\/wp-json\/wp\/v2\/media?parent=55"}],"curies":[{"name":"wp","href":"https:\/\/api.w.org\/{rel}","templated":true}]}}